{"id":96,"date":"2021-12-12T05:34:18","date_gmt":"2021-12-12T08:34:18","guid":{"rendered":"https:\/\/demosites.royal-elementor-addons.com\/construction-v1\/?page_id=96"},"modified":"2025-03-13T15:36:40","modified_gmt":"2025-03-13T18:36:40","slug":"pricing","status":"publish","type":"page","link":"https:\/\/frigobras.ind.br\/index.php\/pricing\/","title":{"rendered":"Ba\u00fas usados e remolds"},"content":{"rendered":"\t\t<div data-elementor-type=\"wp-page\" data-elementor-id=\"96\" class=\"elementor elementor-96\" data-elementor-post-type=\"page\">\n\t\t\t\t\t\t<section class=\"elementor-section elementor-top-section elementor-element elementor-element-68dca816 elementor-section-height-min-height elementor-section-content-middle elementor-section-boxed elementor-section-height-default elementor-section-items-middle wpr-particle-no wpr-jarallax-no wpr-parallax-no wpr-sticky-section-no\" data-id=\"68dca816\" data-element_type=\"section\" data-settings=\"{&quot;background_background&quot;:&quot;classic&quot;}\">\n\t\t\t\t\t\t\t<div class=\"elementor-background-overlay\"><\/div>\n\t\t\t\t\t\t\t<div class=\"elementor-container elementor-column-gap-default\">\n\t\t\t\t\t<div class=\"elementor-column elementor-col-100 elementor-top-column elementor-element elementor-element-3c5b250\" data-id=\"3c5b250\" data-element_type=\"column\">\n\t\t\t<div class=\"elementor-widget-wrap elementor-element-populated\">\n\t\t\t\t\t\t<div class=\"elementor-element elementor-element-4db3ff4e elementor-widget elementor-widget-heading\" data-id=\"4db3ff4e\" data-element_type=\"widget\" data-widget_type=\"heading.default\">\n\t\t\t\t<div class=\"elementor-widget-container\">\n\t\t\t<h2 class=\"elementor-heading-title elementor-size-default\">Vendas<\/h2>\t\t<\/div>\n\t\t\t\t<\/div>\n\t\t\t\t<div class=\"elementor-element elementor-element-3dc4d33 elementor-widget elementor-widget-text-editor\" data-id=\"3dc4d33\" data-element_type=\"widget\" data-widget_type=\"text-editor.default\">\n\t\t\t\t<div class=\"elementor-widget-container\">\n\t\t\t\t\t\t\t<p>Ba\u00fas usados e remolds<\/p>\t\t\t\t\t\t<\/div>\n\t\t\t\t<\/div>\n\t\t\t\t\t<\/div>\n\t\t<\/div>\n\t\t\t\t\t<\/div>\n\t\t<\/section>\n\t\t\t\t<section class=\"elementor-section elementor-top-section elementor-element elementor-element-6553da4c elementor-section-boxed elementor-section-height-default elementor-section-height-default wpr-particle-no wpr-jarallax-no wpr-parallax-no wpr-sticky-section-no\" data-id=\"6553da4c\" data-element_type=\"section\">\n\t\t\t\t\t\t<div class=\"elementor-container elementor-column-gap-default\">\n\t\t\t\t\t<div class=\"elementor-column elementor-col-100 elementor-top-column elementor-element elementor-element-3e38fcb7\" data-id=\"3e38fcb7\" data-element_type=\"column\">\n\t\t\t<div class=\"elementor-widget-wrap elementor-element-populated\">\n\t\t\t\t\t\t<div class=\"elementor-element elementor-element-7b077062 elementor-widget elementor-widget-text-editor\" data-id=\"7b077062\" data-element_type=\"widget\" data-widget_type=\"text-editor.default\">\n\t\t\t\t<div class=\"elementor-widget-container\">\n\t\t\t\t\t\t\t<p>Vendas<\/p>\t\t\t\t\t\t<\/div>\n\t\t\t\t<\/div>\n\t\t\t\t<div class=\"elementor-element elementor-element-6d6f6229 elementor-widget elementor-widget-heading\" data-id=\"6d6f6229\" data-element_type=\"widget\" data-widget_type=\"heading.default\">\n\t\t\t\t<div class=\"elementor-widget-container\">\n\t\t\t<h2 class=\"elementor-heading-title elementor-size-default\">Vendas, Ba\u00fas Usados e Remolds<\/h2>\t\t<\/div>\n\t\t\t\t<\/div>\n\t\t\t\t<div class=\"elementor-element elementor-element-ecc989c elementor-widget elementor-widget-text-editor\" data-id=\"ecc989c\" data-element_type=\"widget\" data-widget_type=\"text-editor.default\">\n\t\t\t\t<div class=\"elementor-widget-container\">\n\t\t\t\t\t\t\t<p><strong data-start=\"78\" data-end=\"145\">Procurando ba\u00fas refrigerados, usados e remoldados com garantia?<\/strong> Aqui voc\u00ea encontra as melhores op\u00e7\u00f5es para transporte seguro e eficiente de cargas refrigeradas. Trabalhamos com ba\u00fas remoldados de alta durabilidade, prontos para rodar com custo-benef\u00edcio incompar\u00e1vel.<\/p>\t\t\t\t\t\t<\/div>\n\t\t\t\t<\/div>\n\t\t\t\t<div class=\"elementor-element elementor-element-66cd822 elementor-widget elementor-widget-heading\" data-id=\"66cd822\" data-element_type=\"widget\" data-widget_type=\"heading.default\">\n\t\t\t\t<div class=\"elementor-widget-container\">\n\t\t\t<h2 class=\"elementor-heading-title elementor-size-default\"> Por que escolher nossos ba\u00fas?<\/h2>\t\t<\/div>\n\t\t\t\t<\/div>\n\t\t<div class=\"elementor-element elementor-element-9c5797e e-grid e-con-boxed wpr-particle-no wpr-jarallax-no wpr-parallax-no wpr-sticky-section-no e-con e-parent\" data-id=\"9c5797e\" data-element_type=\"container\">\n\t\t\t\t\t<div class=\"e-con-inner\">\n\t\t\t\t<div class=\"elementor-element elementor-element-219df53 elementor-widget elementor-widget-text-editor\" data-id=\"219df53\" data-element_type=\"widget\" data-widget_type=\"text-editor.default\">\n\t\t\t\t<div class=\"elementor-widget-container\">\n\t\t\t\t\t\t\t<p>\u2705 <strong data-start=\"394\" data-end=\"417\">Qualidade garantida<\/strong> \u2013 Ba\u00fas revisados e prontos para uso.<br data-start=\"454\" data-end=\"457\" \/>\u2705 <strong data-start=\"459\" data-end=\"476\">\u00d3timos pre\u00e7os<\/strong> \u2013 Economia sem abrir m\u00e3o da seguran\u00e7a.<br data-start=\"515\" data-end=\"518\" data-is-only-node=\"\" \/>\u2705 <strong data-start=\"520\" data-end=\"538\">Entrega r\u00e1pida<\/strong> \u2013 Seu ba\u00fa dispon\u00edvel no menor prazo.<br data-start=\"575\" data-end=\"578\" \/>\u2705 <strong data-start=\"580\" data-end=\"601\">Diversos tamanhos<\/strong> \u2013 Modelos para todos os tipos de ve\u00edculos.<\/p>\t\t\t\t\t\t<\/div>\n\t\t\t\t<\/div>\n\t\t\t\t\t<\/div>\n\t\t\t\t<\/div>\n\t\t\t\t<div class=\"elementor-element elementor-element-502e55d elementor-widget elementor-widget-heading\" data-id=\"502e55d\" data-element_type=\"widget\" data-widget_type=\"heading.default\">\n\t\t\t\t<div class=\"elementor-widget-container\">\n\t\t\t<h2 class=\"elementor-heading-title elementor-size-default\"><strong data-start=\"651\" data-end=\"709\">Compre o seu ba\u00fa refrigerado ou remoldado agora mesmo!<\/strong> <\/h2>\t\t<\/div>\n\t\t\t\t<\/div>\n\t\t\t\t\t<\/div>\n\t\t<\/div>\n\t\t\t\t\t<\/div>\n\t\t<\/section>\n\t\t<div class=\"elementor-element elementor-element-137e4e4 e-flex e-con-boxed wpr-particle-no wpr-jarallax-no wpr-parallax-no wpr-sticky-section-no e-con e-parent\" data-id=\"137e4e4\" data-element_type=\"container\">\n\t\t\t\t\t<div class=\"e-con-inner\">\n\t\t\t\t<div class=\"elementor-element elementor-element-f08f715 elementor-widget elementor-widget-heading\" data-id=\"f08f715\" data-element_type=\"widget\" data-widget_type=\"heading.default\">\n\t\t\t\t<div class=\"elementor-widget-container\">\n\t\t\t<h2 class=\"elementor-heading-title elementor-size-default\">Veja algumas op\u00e7\u00f5es!<\/h2>\t\t<\/div>\n\t\t\t\t<\/div>\n\t\t\t\t<div class=\"elementor-element elementor-element-d7ca7fc elementor-widget elementor-widget-text-editor\" data-id=\"d7ca7fc\" data-element_type=\"widget\" data-widget_type=\"text-editor.default\">\n\t\t\t\t<div class=\"elementor-widget-container\">\n\t\t\t\t\t\t\t<p>Clique na op\u00e7\u00e3o e fale conosco!<\/p>\t\t\t\t\t\t<\/div>\n\t\t\t\t<\/div>\n\t\t<div class=\"elementor-element elementor-element-f6fcb05 e-grid e-con-full wpr-particle-no wpr-jarallax-no wpr-parallax-no wpr-sticky-section-no e-con e-child\" data-id=\"f6fcb05\" data-element_type=\"container\">\n\t\t\t\t<div class=\"elementor-element elementor-element-c37e4eb e-transform elementor-widget elementor-widget-image\" data-id=\"c37e4eb\" data-element_type=\"widget\" data-settings=\"{&quot;_transform_scale_effect_hover&quot;:{&quot;unit&quot;:&quot;px&quot;,&quot;size&quot;:1.1,&quot;sizes&quot;:[]},&quot;_transform_scale_effect_hover_tablet&quot;:{&quot;unit&quot;:&quot;px&quot;,&quot;size&quot;:&quot;&quot;,&quot;sizes&quot;:[]},&quot;_transform_scale_effect_hover_mobile&quot;:{&quot;unit&quot;:&quot;px&quot;,&quot;size&quot;:&quot;&quot;,&quot;sizes&quot;:[]}}\" data-widget_type=\"image.default\">\n\t\t\t\t<div class=\"elementor-widget-container\">\n\t\t\t\t\t\t\t\t\t\t\t\t\t\t<a href=\"https:\/\/wa.me\/5547996630515?text=Ol%C3%A1%2C%20tenho%20interesse%20nesse%20b%C3%A1u!\">\n\t\t\t\t\t\t\t<img fetchpriority=\"high\" decoding=\"async\" width=\"960\" height=\"960\" src=\"https:\/\/frigobras.ind.br\/wp-content\/uploads\/2025\/03\/bau-paleteiro-Remanufaturado-1080-x-1080-mm-1024x1024.png\" class=\"attachment-large size-large wp-image-1144\" alt=\"\" srcset=\"https:\/\/frigobras.ind.br\/wp-content\/uploads\/2025\/03\/bau-paleteiro-Remanufaturado-1080-x-1080-mm-1024x1024.png 1024w, https:\/\/frigobras.ind.br\/wp-content\/uploads\/2025\/03\/bau-paleteiro-Remanufaturado-1080-x-1080-mm-300x300.png 300w, https:\/\/frigobras.ind.br\/wp-content\/uploads\/2025\/03\/bau-paleteiro-Remanufaturado-1080-x-1080-mm-150x150.png 150w, https:\/\/frigobras.ind.br\/wp-content\/uploads\/2025\/03\/bau-paleteiro-Remanufaturado-1080-x-1080-mm-768x768.png 768w, https:\/\/frigobras.ind.br\/wp-content\/uploads\/2025\/03\/bau-paleteiro-Remanufaturado-1080-x-1080-mm-1536x1536.png 1536w, https:\/\/frigobras.ind.br\/wp-content\/uploads\/2025\/03\/bau-paleteiro-Remanufaturado-1080-x-1080-mm-2048x2048.png 2048w\" sizes=\"(max-width: 960px) 100vw, 960px\" \/>\t\t\t\t\t\t\t\t<\/a>\n\t\t\t\t\t\t\t\t\t\t\t\t\t<\/div>\n\t\t\t\t<\/div>\n\t\t\t\t<div class=\"elementor-element elementor-element-1a46d61 e-transform elementor-widget elementor-widget-image\" data-id=\"1a46d61\" data-element_type=\"widget\" data-settings=\"{&quot;_transform_scale_effect_hover&quot;:{&quot;unit&quot;:&quot;px&quot;,&quot;size&quot;:1.1,&quot;sizes&quot;:[]},&quot;_transform_scale_effect_hover_tablet&quot;:{&quot;unit&quot;:&quot;px&quot;,&quot;size&quot;:&quot;&quot;,&quot;sizes&quot;:[]},&quot;_transform_scale_effect_hover_mobile&quot;:{&quot;unit&quot;:&quot;px&quot;,&quot;size&quot;:&quot;&quot;,&quot;sizes&quot;:[]}}\" data-widget_type=\"image.default\">\n\t\t\t\t<div class=\"elementor-widget-container\">\n\t\t\t\t\t\t\t\t\t\t\t\t\t\t<a href=\"https:\/\/wa.me\/5547996630515?text=Ol%C3%A1%2C%20tenho%20interesse%20nesse%20b%C3%A1u!\">\n\t\t\t\t\t\t\t<img decoding=\"async\" width=\"960\" height=\"960\" src=\"https:\/\/frigobras.ind.br\/wp-content\/uploads\/2025\/03\/bau-frigorifico-Remanufaturado--1024x1024.png\" class=\"attachment-large size-large wp-image-1145\" alt=\"\" srcset=\"https:\/\/frigobras.ind.br\/wp-content\/uploads\/2025\/03\/bau-frigorifico-Remanufaturado--1024x1024.png 1024w, https:\/\/frigobras.ind.br\/wp-content\/uploads\/2025\/03\/bau-frigorifico-Remanufaturado--300x300.png 300w, https:\/\/frigobras.ind.br\/wp-content\/uploads\/2025\/03\/bau-frigorifico-Remanufaturado--150x150.png 150w, https:\/\/frigobras.ind.br\/wp-content\/uploads\/2025\/03\/bau-frigorifico-Remanufaturado--768x768.png 768w, https:\/\/frigobras.ind.br\/wp-content\/uploads\/2025\/03\/bau-frigorifico-Remanufaturado--1536x1536.png 1536w, https:\/\/frigobras.ind.br\/wp-content\/uploads\/2025\/03\/bau-frigorifico-Remanufaturado--2048x2048.png 2048w\" sizes=\"(max-width: 960px) 100vw, 960px\" \/>\t\t\t\t\t\t\t\t<\/a>\n\t\t\t\t\t\t\t\t\t\t\t\t\t<\/div>\n\t\t\t\t<\/div>\n\t\t\t\t<div class=\"elementor-element elementor-element-80a54f9 e-transform elementor-widget elementor-widget-image\" data-id=\"80a54f9\" data-element_type=\"widget\" data-settings=\"{&quot;_transform_scale_effect_hover&quot;:{&quot;unit&quot;:&quot;px&quot;,&quot;size&quot;:1.1,&quot;sizes&quot;:[]},&quot;_transform_scale_effect_hover_tablet&quot;:{&quot;unit&quot;:&quot;px&quot;,&quot;size&quot;:&quot;&quot;,&quot;sizes&quot;:[]},&quot;_transform_scale_effect_hover_mobile&quot;:{&quot;unit&quot;:&quot;px&quot;,&quot;size&quot;:&quot;&quot;,&quot;sizes&quot;:[]}}\" data-widget_type=\"image.default\">\n\t\t\t\t<div class=\"elementor-widget-container\">\n\t\t\t\t\t\t\t\t\t\t\t\t\t\t<a href=\"https:\/\/wa.me\/5547996630515?text=Ol%C3%A1%2C%20tenho%20interesse%20nesse%20b%C3%A1u!\">\n\t\t\t\t\t\t\t<img decoding=\"async\" width=\"960\" height=\"960\" src=\"https:\/\/frigobras.ind.br\/wp-content\/uploads\/2025\/03\/bau-frigorifico-Remanufaturado-1-1024x1024.png\" class=\"attachment-large size-large wp-image-1146\" alt=\"\" srcset=\"https:\/\/frigobras.ind.br\/wp-content\/uploads\/2025\/03\/bau-frigorifico-Remanufaturado-1-1024x1024.png 1024w, https:\/\/frigobras.ind.br\/wp-content\/uploads\/2025\/03\/bau-frigorifico-Remanufaturado-1-300x300.png 300w, https:\/\/frigobras.ind.br\/wp-content\/uploads\/2025\/03\/bau-frigorifico-Remanufaturado-1-150x150.png 150w, https:\/\/frigobras.ind.br\/wp-content\/uploads\/2025\/03\/bau-frigorifico-Remanufaturado-1-768x768.png 768w, https:\/\/frigobras.ind.br\/wp-content\/uploads\/2025\/03\/bau-frigorifico-Remanufaturado-1-1536x1536.png 1536w, https:\/\/frigobras.ind.br\/wp-content\/uploads\/2025\/03\/bau-frigorifico-Remanufaturado-1-2048x2048.png 2048w\" sizes=\"(max-width: 960px) 100vw, 960px\" \/>\t\t\t\t\t\t\t\t<\/a>\n\t\t\t\t\t\t\t\t\t\t\t\t\t<\/div>\n\t\t\t\t<\/div>\n\t\t\t\t<\/div>\n\t\t\t\t\t<\/div>\n\t\t\t\t<\/div>\n\t\t\t\t<\/div>\n\t\t","protected":false},"excerpt":{"rendered":"<p>Vendas Ba\u00fas usados e remolds Vendas Vendas, Ba\u00fas Usados e Remolds Procurando ba\u00fas refrigerados, usados e remoldados com garantia? Aqui voc\u00ea encontra as melhores op\u00e7\u00f5es para transporte seguro e eficiente de cargas refrigeradas. Trabalhamos com ba\u00fas remoldados de alta durabilidade, prontos para rodar com custo-benef\u00edcio incompar\u00e1vel. Por que escolher nossos ba\u00fas? \u2705 Qualidade garantida \u2013 Ba\u00fas revisados e prontos para uso.\u2705 \u00d3timos pre\u00e7os \u2013 Economia sem abrir m\u00e3o da seguran\u00e7a.\u2705 Entrega r\u00e1pida \u2013 Seu ba\u00fa dispon\u00edvel no menor prazo.\u2705 Diversos tamanhos \u2013 Modelos para todos os tipos de ve\u00edculos. Compre o seu ba\u00fa refrigerado ou remoldado agora mesmo! Veja algumas op\u00e7\u00f5es! Clique na op\u00e7\u00e3o e fale conosco!<\/p>\n","protected":false},"author":1,"featured_media":0,"parent":0,"menu_order":0,"comment_status":"closed","ping_status":"closed","template":"elementor_canvas","meta":{"_monsterinsights_skip_tracking":false,"_monsterinsights_sitenote_active":false,"_monsterinsights_sitenote_note":"","_monsterinsights_sitenote_category":0,"footnotes":"","_joinchat":[]},"aioseo_notices":[],"_links":{"self":[{"href":"https:\/\/frigobras.ind.br\/index.php\/wp-json\/wp\/v2\/pages\/96"}],"collection":[{"href":"https:\/\/frigobras.ind.br\/index.php\/wp-json\/wp\/v2\/pages"}],"about":[{"href":"https:\/\/frigobras.ind.br\/index.php\/wp-json\/wp\/v2\/types\/page"}],"author":[{"embeddable":true,"href":"https:\/\/frigobras.ind.br\/index.php\/wp-json\/wp\/v2\/users\/1"}],"replies":[{"embeddable":true,"href":"https:\/\/frigobras.ind.br\/index.php\/wp-json\/wp\/v2\/comments?post=96"}],"version-history":[{"count":23,"href":"https:\/\/frigobras.ind.br\/index.php\/wp-json\/wp\/v2\/pages\/96\/revisions"}],"predecessor-version":[{"id":1194,"href":"https:\/\/frigobras.ind.br\/index.php\/wp-json\/wp\/v2\/pages\/96\/revisions\/1194"}],"wp:attachment":[{"href":"https:\/\/frigobras.ind.br\/index.php\/wp-json\/wp\/v2\/media?parent=96"}],"curies":[{"name":"wp","href":"https:\/\/api.w.org\/{rel}","templated":true}]}}